{"id":5095,"date":"2015-11-04T10:45:38","date_gmt":"2015-11-04T09:45:38","guid":{"rendered":"https:\/\/vintagemademoiselle.com\/la-boutique\/"},"modified":"2023-11-08T16:07:44","modified_gmt":"2023-11-08T15:07:44","slug":"la-boutique","status":"publish","type":"page","link":"https:\/\/vintagemademoiselle.com\/ca\/la-boutique\/","title":{"rendered":"La boutique"},"content":{"rendered":"<p>[vc_row row_type=&#8221;row&#8221; content_width=&#8221;grid&#8221; anchor=&#8221;&#8221; content_aligment=&#8221;center&#8221; css_animation=&#8221;&#8221; el_class=&#8221;section-80-0&#8243;][vc_column offset=&#8221;vc_col-lg-offset-0 vc_col-lg-12&#8243;][vc_column_text el_class=&#8221;text-center&#8221;]<\/p>\n<h2>Glamur i eleg\u00e0ncia per a la dona<\/h2>\n<p>[\/vc_column_text][\/vc_column][\/vc_row][vc_row row_type=&#8221;row&#8221; content_width=&#8221;grid&#8221; anchor=&#8221;&#8221; content_aligment=&#8221;left&#8221; css_animation=&#8221;&#8221; el_class=&#8221;section-30-80&#8243;][vc_column width=&#8221;1\/2&#8243;][vc_column_text]A la boutique Vintage Mademoiselle t\u2019oferim roba i complements de dona per a cerim\u00f2nies, esdeveniments i ocasions especials.<\/p>\n<p>Aqu\u00ed descobrir\u00e0s una col\u00b7lecci\u00f3 molt vers\u00e0til, tant en peces de roba com en complements i accessoris de moda, que podr\u00e0s utilizar tant per a una cerim\u00f2nia com per a combinar amb roba casual, com podrien ser uns texans.<\/p>\n<p>L\u2019ampli ventall de productes que trobar\u00e0s a la nostra botiga va des de vestits llargs i curts, granotes, faldes, pantalons, camises, tops o vestits jaqueta fins a complements com ara sabates, bosses, cinturons, faixins, tocats i adorns per al cabell, etc. I tot plegat per a fer-te destacar i brillar en cada esdeveniment.[\/vc_column_text][\/vc_column][vc_column width=&#8221;1\/2&#8243;][vc_column_text]Som botiga multimarca i treballem amb marques que tant per qualitat com per preu s\u00f3n assequibles per a la gran majoria de dones.<\/p>\n<p>La nostra passi\u00f3 \u00e9s oferir una experi\u00e8ncia de compra \u00fanica i personalitzada, amb una \u00e0mplia selecci\u00f3 de vestits i accessoris de qualitat que et faran sentir com una aut\u00e8ntica <em>mademoiselle<\/em>.<\/p>\n<p>Vine a la nostra boutique i descobreix les \u00faltimes tend\u00e8ncies de moda i els complements que faran cada celebraci\u00f3 inoblidable, tant si has d\u2019anar a un casament, a una comuni\u00f3 o a un sopar elegant. El teu estil parla per tu i som aqu\u00ed per ajudar-te a trobar el que m\u00e9s t\u2019escau.[\/vc_column_text][\/vc_column][\/vc_row][vc_row row_type=&#8221;row&#8221; content_width=&#8221;grid&#8221; anchor=&#8221;&#8221; content_aligment=&#8221;left&#8221; css_animation=&#8221;&#8221; el_class=&#8221;la-boutique__grid-3-img section-0-80&#8243;][vc_column][vc_single_image image=&#8221;4927&#8243; img_size=&#8221;full&#8221; alignment=&#8221;center&#8221;][vc_single_image image=&#8221;4929&#8243; img_size=&#8221;full&#8221; alignment=&#8221;center&#8221;][vc_single_image image=&#8221;4931&#8243; img_size=&#8221;full&#8221; alignment=&#8221;center&#8221;][vc_single_image image=&#8221;4933&#8243; img_size=&#8221;full&#8221; alignment=&#8221;center&#8221;][vc_single_image image=&#8221;4935&#8243; img_size=&#8221;full&#8221; alignment=&#8221;center&#8221;][vc_single_image image=&#8221;4937&#8243; img_size=&#8221;full&#8221; alignment=&#8221;center&#8221;][\/vc_column][\/vc_row][vc_row row_type=&#8221;row&#8221; content_width=&#8221;grid&#8221; anchor=&#8221;&#8221; content_aligment=&#8221;center&#8221; css_animation=&#8221;&#8221; css=&#8221;.vc_custom_1699343385328{background-image: url(https:\/\/vintagemademoiselle.com\/wp-content\/uploads\/2023\/11\/home-contact-bg.jpg?id=4898) !important;background-position: center !important;background-repeat: no-repeat !important;background-size: cover !important;}&#8221; el_class=&#8221;section-80&#8243;][vc_column offset=&#8221;vc_col-lg-offset-0 vc_col-lg-12 vc_col-md-offset-0 vc_col-md-12 vc_col-sm-offset-0&#8243;][vc_column_text el_class=&#8221;text-center&#8221;]<\/p>\n<h2 class=\"text-white\">Vine a visitar-nos o contacta amb nosaltres!<\/h2>\n<p>[\/vc_column_text][vc_column_text el_class=&#8221;text-center&#8221; css=&#8221;.vc_custom_1699353173924{margin-top: 30px !important;}&#8221;]<\/p>\n<p class=\"text-white\">Ens trobar\u00e0s al carrer de Sant Isidre, n. 154, de la R\u00e0pita<br \/>\nTel. 977 745 925<\/p>\n<p>[\/vc_column_text][vc_btn title=&#8221;Contacta&#8221; shape=&#8221;square&#8221; color=&#8221;white&#8221; align=&#8221;center&#8221; css=&#8221;.vc_custom_1699378416455{margin-top: 68px !important;margin-bottom: 0px !important;}&#8221; link=&#8221;url:https%3A%2F%2Fvintagemademoiselle.com%2Fca%2Fcontacta%2F|title:Contacta|&#8221;][\/vc_column][\/vc_row]<\/p>\n","protected":false},"excerpt":{"rendered":"<p>[vc_row row_type=&#8221;row&#8221; content_width=&#8221;grid&#8221; anchor=&#8221;&#8221; content_aligment=&#8221;center&#8221; css_animation=&#8221;&#8221; el_class=&#8221;section-80-0&#8243;][vc_column offset=&#8221;vc_col-lg-offset-0 vc_col-lg-12&#8243;][vc_column_text el_class=&#8221;text-center&#8221;] Glamur i eleg\u00e0ncia per a la dona [\/vc_column_text][\/vc_column][\/vc_row][vc_row row_type=&#8221;row&#8221; content_width=&#8221;grid&#8221; anchor=&#8221;&#8221; content_aligment=&#8221;left&#8221; css_animation=&#8221;&#8221; el_class=&#8221;section-30-80&#8243;][vc_column width=&#8221;1\/2&#8243;][vc_column_text]A la boutique Vintage Mademoiselle t\u2019oferim roba i complements de dona per a cerim\u00f2nies, esdeveniments i ocasions especials. Aqu\u00ed descobrir\u00e0s una&#8230;<\/p>\n","protected":false},"author":2,"featured_media":0,"parent":0,"menu_order":0,"comment_status":"closed","ping_status":"closed","template":"full-width.php","meta":{"footnotes":""},"class_list":["post-5095","page","type-page","status-publish","hentry"],"yoast_head":"<!-- This site is optimized with the Yoast SEO plugin v26.4 - https:\/\/yoast.com\/wordpress\/plugins\/seo\/ -->\n<title>Boutique Vintage Mademoiselle a la R\u00e0pita<\/title>\n<meta name=\"description\" content=\"A la boutique Vintage Mademoiselle t&#039;oferim les \u00faltimes tend\u00e8ncies de moda i complements per a esdeveniments i celebracions.\" \/>\n<meta name=\"robots\" content=\"index, follow, max-snippet:-1, max-image-preview:large, max-video-preview:-1\" \/>\n<link rel=\"canonical\" href=\"https:\/\/vintagemademoiselle.com\/ca\/la-boutique\/\" \/>\n<meta property=\"og:locale\" content=\"ca_ES\" \/>\n<meta property=\"og:type\" content=\"article\" \/>\n<meta property=\"og:title\" content=\"Boutique Vintage Mademoiselle a la R\u00e0pita\" \/>\n<meta property=\"og:description\" content=\"A la boutique Vintage Mademoiselle t&#039;oferim les \u00faltimes tend\u00e8ncies de moda i complements per a esdeveniments i celebracions.\" \/>\n<meta property=\"og:url\" content=\"https:\/\/vintagemademoiselle.com\/ca\/la-boutique\/\" \/>\n<meta property=\"og:site_name\" content=\"vintage mademoiselle\" \/>\n<meta property=\"article:modified_time\" content=\"2023-11-08T15:07:44+00:00\" \/>\n<meta name=\"twitter:card\" content=\"summary_large_image\" \/>\n<meta name=\"twitter:label1\" content=\"Temps estimat de lectura\" \/>\n\t<meta name=\"twitter:data1\" content=\"2 minuts\" \/>\n<script type=\"application\/ld+json\" class=\"yoast-schema-graph\">{\"@context\":\"https:\/\/schema.org\",\"@graph\":[{\"@type\":\"WebPage\",\"@id\":\"https:\/\/vintagemademoiselle.com\/ca\/la-boutique\/\",\"url\":\"https:\/\/vintagemademoiselle.com\/ca\/la-boutique\/\",\"name\":\"Boutique Vintage Mademoiselle a la R\u00e0pita\",\"isPartOf\":{\"@id\":\"https:\/\/vintagemademoiselle.com\/ca\/#website\"},\"datePublished\":\"2015-11-04T09:45:38+00:00\",\"dateModified\":\"2023-11-08T15:07:44+00:00\",\"description\":\"A la boutique Vintage Mademoiselle t'oferim les \u00faltimes tend\u00e8ncies de moda i complements per a esdeveniments i celebracions.\",\"breadcrumb\":{\"@id\":\"https:\/\/vintagemademoiselle.com\/ca\/la-boutique\/#breadcrumb\"},\"inLanguage\":\"ca\",\"potentialAction\":[{\"@type\":\"ReadAction\",\"target\":[\"https:\/\/vintagemademoiselle.com\/ca\/la-boutique\/\"]}]},{\"@type\":\"BreadcrumbList\",\"@id\":\"https:\/\/vintagemademoiselle.com\/ca\/la-boutique\/#breadcrumb\",\"itemListElement\":[{\"@type\":\"ListItem\",\"position\":1,\"name\":\"Portada\",\"item\":\"https:\/\/vintagemademoiselle.com\/ca\/\"},{\"@type\":\"ListItem\",\"position\":2,\"name\":\"La boutique\"}]},{\"@type\":\"WebSite\",\"@id\":\"https:\/\/vintagemademoiselle.com\/ca\/#website\",\"url\":\"https:\/\/vintagemademoiselle.com\/ca\/\",\"name\":\"vintage mademoiselle\",\"description\":\"\",\"potentialAction\":[{\"@type\":\"SearchAction\",\"target\":{\"@type\":\"EntryPoint\",\"urlTemplate\":\"https:\/\/vintagemademoiselle.com\/ca\/?s={search_term_string}\"},\"query-input\":{\"@type\":\"PropertyValueSpecification\",\"valueRequired\":true,\"valueName\":\"search_term_string\"}}],\"inLanguage\":\"ca\"}]}<\/script>\n<!-- \/ Yoast SEO plugin. -->","yoast_head_json":{"title":"Boutique Vintage Mademoiselle a la R\u00e0pita","description":"A la boutique Vintage Mademoiselle t'oferim les \u00faltimes tend\u00e8ncies de moda i complements per a esdeveniments i celebracions.","robots":{"index":"index","follow":"follow","max-snippet":"max-snippet:-1","max-image-preview":"max-image-preview:large","max-video-preview":"max-video-preview:-1"},"canonical":"https:\/\/vintagemademoiselle.com\/ca\/la-boutique\/","og_locale":"ca_ES","og_type":"article","og_title":"Boutique Vintage Mademoiselle a la R\u00e0pita","og_description":"A la boutique Vintage Mademoiselle t'oferim les \u00faltimes tend\u00e8ncies de moda i complements per a esdeveniments i celebracions.","og_url":"https:\/\/vintagemademoiselle.com\/ca\/la-boutique\/","og_site_name":"vintage mademoiselle","article_modified_time":"2023-11-08T15:07:44+00:00","twitter_card":"summary_large_image","twitter_misc":{"Temps estimat de lectura":"2 minuts"},"schema":{"@context":"https:\/\/schema.org","@graph":[{"@type":"WebPage","@id":"https:\/\/vintagemademoiselle.com\/ca\/la-boutique\/","url":"https:\/\/vintagemademoiselle.com\/ca\/la-boutique\/","name":"Boutique Vintage Mademoiselle a la R\u00e0pita","isPartOf":{"@id":"https:\/\/vintagemademoiselle.com\/ca\/#website"},"datePublished":"2015-11-04T09:45:38+00:00","dateModified":"2023-11-08T15:07:44+00:00","description":"A la boutique Vintage Mademoiselle t'oferim les \u00faltimes tend\u00e8ncies de moda i complements per a esdeveniments i celebracions.","breadcrumb":{"@id":"https:\/\/vintagemademoiselle.com\/ca\/la-boutique\/#breadcrumb"},"inLanguage":"ca","potentialAction":[{"@type":"ReadAction","target":["https:\/\/vintagemademoiselle.com\/ca\/la-boutique\/"]}]},{"@type":"BreadcrumbList","@id":"https:\/\/vintagemademoiselle.com\/ca\/la-boutique\/#breadcrumb","itemListElement":[{"@type":"ListItem","position":1,"name":"Portada","item":"https:\/\/vintagemademoiselle.com\/ca\/"},{"@type":"ListItem","position":2,"name":"La boutique"}]},{"@type":"WebSite","@id":"https:\/\/vintagemademoiselle.com\/ca\/#website","url":"https:\/\/vintagemademoiselle.com\/ca\/","name":"vintage mademoiselle","description":"","potentialAction":[{"@type":"SearchAction","target":{"@type":"EntryPoint","urlTemplate":"https:\/\/vintagemademoiselle.com\/ca\/?s={search_term_string}"},"query-input":{"@type":"PropertyValueSpecification","valueRequired":true,"valueName":"search_term_string"}}],"inLanguage":"ca"}]}},"_links":{"self":[{"href":"https:\/\/vintagemademoiselle.com\/ca\/wp-json\/wp\/v2\/pages\/5095","targetHints":{"allow":["GET"]}}],"collection":[{"href":"https:\/\/vintagemademoiselle.com\/ca\/wp-json\/wp\/v2\/pages"}],"about":[{"href":"https:\/\/vintagemademoiselle.com\/ca\/wp-json\/wp\/v2\/types\/page"}],"author":[{"embeddable":true,"href":"https:\/\/vintagemademoiselle.com\/ca\/wp-json\/wp\/v2\/users\/2"}],"replies":[{"embeddable":true,"href":"https:\/\/vintagemademoiselle.com\/ca\/wp-json\/wp\/v2\/comments?post=5095"}],"version-history":[{"count":6,"href":"https:\/\/vintagemademoiselle.com\/ca\/wp-json\/wp\/v2\/pages\/5095\/revisions"}],"predecessor-version":[{"id":5203,"href":"https:\/\/vintagemademoiselle.com\/ca\/wp-json\/wp\/v2\/pages\/5095\/revisions\/5203"}],"wp:attachment":[{"href":"https:\/\/vintagemademoiselle.com\/ca\/wp-json\/wp\/v2\/media?parent=5095"}],"curies":[{"name":"wp","href":"https:\/\/api.w.org\/{rel}","templated":true}]}}