{"id":5107,"date":"2015-10-28T08:25:55","date_gmt":"2015-10-28T07:25:55","guid":{"rendered":"https:\/\/vintagemademoiselle.com\/home\/"},"modified":"2023-11-08T16:02:25","modified_gmt":"2023-11-08T15:02:25","slug":"home","status":"publish","type":"page","link":"https:\/\/vintagemademoiselle.com\/ca\/","title":{"rendered":"Home"},"content":{"rendered":"<p>[vc_row row_type=&#8221;row&#8221; content_width=&#8221;grid&#8221; anchor=&#8221;&#8221; content_aligment=&#8221;center&#8221; css_animation=&#8221;&#8221; css=&#8221;.vc_custom_1699433115740{background-image: url(https:\/\/vintagemademoiselle.com\/wp-content\/uploads\/2015\/11\/background-slide.jpg?id=4849) !important;}&#8221; el_class=&#8221;home__slide-ca&#8221;][vc_column][vc_column_text]<\/p>\n<h2 class=\"h1 text-white\">Vintage Mademoiselle<\/h2>\n<p>[\/vc_column_text][\/vc_column][\/vc_row][vc_row row_type=&#8221;row&#8221; content_width=&#8221;full-width&#8221; anchor=&#8221;&#8221; content_aligment=&#8221;center&#8221; css_animation=&#8221;&#8221; css=&#8221;.vc_custom_1699434415155{margin-right: -15px !important;margin-left: -15px !important;}&#8221; el_class=&#8221;home__separator-slider-ca&#8221;][vc_column css=&#8221;.vc_custom_1699434349171{margin-right: 0px !important;margin-left: 0px !important;}&#8221;][vc_raw_html]JTNDZGl2JTIwY2xhc3MlM0QlMjJlbHRkLXJvdy1zdmctaG9sZGVyJTIyJTNFJTNDZGl2JTIwY2xhc3MlM0QlMjJlbHRkLXJvdy1zdmctaG9sZGVyLXNpZGUlMjIlM0UlM0MlMkZkaXYlM0UlM0NkaXYlMjBjbGFzcyUzRCUyMmVsdGQtcm93LXN2Zy1ob2xkZXItbWlkZGxlJTIyJTNFJTBBJTNDc3ZnJTIwdmVyc2lvbiUzRCUyMjEuMSUyMiUyMGlkJTNEJTIyTGF5ZXJfMjA0OTIzMTMwOCUyMiUyMHhtbG5zJTNEJTIyaHR0cCUzQSUyRiUyRnd3dy53My5vcmclMkYyMDAwJTJGc3ZnJTIyJTIweG1sbnMlM0F4bGluayUzRCUyMmh0dHAlM0ElMkYlMkZ3d3cudzMub3JnJTJGMTk5OSUyRnhsaW5rJTIyJTIweCUzRCUyMjBweCUyMiUyMHklM0QlMjIwcHglMjIlMjB3aWR0aCUzRCUyMjgwcHglMjIlMjBoZWlnaHQlM0QlMjIzMnB4JTIyJTIwdmlld0JveCUzRCUyMjAlMjAwJTIwODAlMjAzMiUyMiUyMGVuYWJsZS1iYWNrZ3JvdW5kJTNEJTIybmV3JTIwMCUyMDAlMjA4MCUyMDMyJTIyJTIweG1sJTNBc3BhY2UlM0QlMjJwcmVzZXJ2ZSUyMiUzRSUwQSUzQ2xpbmUlMjBmaWxsJTNEJTIybm9uZSUyMiUyMHgxJTNEJTIyNC43MiUyMiUyMHkxJTNEJTIyMS41MDElMjIlMjB4MiUzRCUyMjQuNzIxJTIyJTIweTIlM0QlMjIxLjUlMjIlM0UlM0MlMkZsaW5lJTNFJTBBJTNDcGF0aCUyMGQlM0QlMjJNNy45JTJDMi42MTMlMjIlM0UlM0MlMkZwYXRoJTNFJTBBJTNDcGF0aCUyMGZpbGwlM0QlMjIlMjNGRkZGRkYlMjIlMjBkJTNEJTIyTTgwJTJDMzJWMC4wMDRoLTAuMDgyQzc5Ljg5MiUyQzAuMDA0JTJDNzkuODY0JTJDMCUyQzc5LjgzNSUyQzBjLTAuMDMxJTJDMC0wLjA2NCUyQzAuMDA0LTAuMDk2JTJDMC4wMDRoLTAuMjExdjAuMDElMEElMDljLTMuMDk5JTJDMC4wNzUtNS45MzElMkMxLjI2Mi04LjE0JTJDMy4yMDJsLTI3LjIxJTJDMjUuMTljLTEuNTQ4JTJDMS4zMTItMi45NzklMkMxLjg3Ny00LjE3OCUyQzEuODc3Yy0xLjE5NyUyQzAtMi42MjYtMC41NjItNC4xNjgtMS44NjclMEElMDlMOC42MTElMkMzLjIxN2MtMi4yMDktMS45NC01LjA0Mi0zLjEyNy04LjEzOS0zLjIwMnYtMC4wMWgtMC4yMUMwLjIzJTJDMC4wMDQlMkMwLjE5OCUyQzAlMkMwLjE2NSUyQzBDMC4xMzYlMkMwJTJDMC4xMDklMkMwLjAwNCUyQzAuMDgxJTJDMC4wMDRIMFYzMkg4MCUwQSUwOXolMjIlM0UlM0MlMkZwYXRoJTNFJTBBJTNDJTJGc3ZnJTNFJTBBJTNDJTJGZGl2JTNFJTNDZGl2JTIwY2xhc3MlM0QlMjJlbHRkLXJvdy1zdmctaG9sZGVyLXNpZGUlMjIlM0UlM0MlMkZkaXYlM0UlM0MlMkZkaXYlM0U=[\/vc_raw_html][\/vc_column][\/vc_row][vc_row row_type=&#8221;row&#8221; content_width=&#8221;grid&#8221; anchor=&#8221;&#8221; content_aligment=&#8221;center&#8221; css_animation=&#8221;&#8221; el_class=&#8221;home__title&#8221;][vc_column][vc_column_text]<\/p>\n<h1>Boutique de roba de dona per a esdeveniments i cerim\u00f2nies<\/h1>\n<p>[\/vc_column_text][vc_column_text]Benvinguts a casa nostra, la boutique de roba de dona per a cerim\u00f2nies, esdeveniments i ocasions especials, la teua botiga de moda de confian\u00e7a.<\/p>\n<p>Vine a la nostra boutique i descobreix les \u00faltimes tend\u00e8ncies de moda i els complements que faran cada celebraci\u00f3 inoblidable, tant si has d\u2019anar a un casament, a una comuni\u00f3 o a un sopar elegant.[\/vc_column_text][vc_btn title=&#8221;La boutique&#8221; shape=&#8221;square&#8221; color=&#8221;black&#8221; align=&#8221;center&#8221; css=&#8221;.vc_custom_1699378243474{margin-top: 40px !important;margin-bottom: 0px !important;}&#8221; link=&#8221;url:https%3A%2F%2Fvintagemademoiselle.com%2Fca%2Fla-boutique%2F|title:La%20boutique|&#8221;][\/vc_column][\/vc_row][vc_row row_type=&#8221;row&#8221; content_width=&#8221;grid&#8221; anchor=&#8221;&#8221; content_aligment=&#8221;center&#8221; css_animation=&#8221;&#8221; el_class=&#8221;home__slogan&#8221; css=&#8221;.vc_custom_1699289694955{background-color: #ededed !important;}&#8221;][vc_column][vc_single_image image=&#8221;4859&#8243; img_size=&#8221;full&#8221; alignment=&#8221;center&#8221;][vc_column_text el_class=&#8221;home__slogan-text&#8221; css=&#8221;.vc_custom_1699289844260{margin-top: 0px !important;margin-bottom: 0px !important;}&#8221;]El teu estil parla per tu i som aqu\u00ed per ajudar-te a trobar el que m\u00e9s t\u2019escau.[\/vc_column_text][vc_single_image image=&#8221;4861&#8243; img_size=&#8221;full&#8221; alignment=&#8221;center&#8221;][\/vc_column][\/vc_row][vc_row row_type=&#8221;row&#8221; content_width=&#8221;grid&#8221; anchor=&#8221;&#8221; content_aligment=&#8221;left&#8221; css_animation=&#8221;&#8221; el_class=&#8221;home__conocenos&#8221;][vc_column]<div class=\"eltd-elements-holder eltd-two-columns eltd-responsive-mode-768\" ><div class=\"eltd-elements-holder-item \" >\n\t<div class=\"eltd-elements-holder-item-inner\">\n\t\t<div class=\"eltd-elements-holder-item-content eltd-elements-holder-custom-752787\" style=\"padding: 80px 70px 80px 0\">\n\t\t\t\t\t\t<style type=\"text\/css\" data-type=\"eltd-elements-custom-padding\" scoped>\n\t\t\t\t\t\t\t\t\t@media only screen and (min-width: 1024px) and (max-width: 1280px) {\n\t\t\t\t\t\t.eltd-elements-holder .eltd-elements-holder-item-content.eltd-elements-holder-custom-752787 {\n\t\t\t\t\t\t\tpadding: 80px 70px 80px 0 !important;\n\t\t\t\t\t\t}\n\t\t\t\t\t}\n\t\t\t\t\t\t\t\t\t\t\t\t@media only screen and (min-width: 768px) and (max-width: 1024px) {\n\t\t\t\t\t.eltd-elements-holder .eltd-elements-holder-item-content.eltd-elements-holder-custom-752787 {\n\t\t\t\t\t\tpadding: 80px 70px 80px 0 !important;\n\t\t\t\t\t}\n\t\t\t\t}\n\t\t\t\t\t\t\t\t\t\t\t\t@media only screen and (min-width: 600px) and (max-width: 768px) {\n\t\t\t\t\t.eltd-elements-holder .eltd-elements-holder-item-content.eltd-elements-holder-custom-752787 {\n\t\t\t\t\t\tpadding: 70px 0 40px 0 !important;\n\t\t\t\t\t}\n\t\t\t\t}\n\t\t\t\t\t\t\t\t\t\t\t\t@media only screen and (min-width: 480px) and (max-width: 600px) {\n\t\t\t\t\t.eltd-elements-holder .eltd-elements-holder-item-content.eltd-elements-holder-custom-752787 {\n\t\t\t\t\t\tpadding: 70px 0 40px 0 !important;\n\t\t\t\t\t}\n\t\t\t\t}\n\t\t\t\t\t\t\t\t\t\t\t\t@media only screen and (max-width: 480px) {\n\t\t\t\t\t.eltd-elements-holder .eltd-elements-holder-item-content.eltd-elements-holder-custom-752787 {\n\t\t\t\t\t\tpadding: 70px 0 40px 0 !important;\n\t\t\t\t\t}\n\t\t\t\t}\n\t\t\t\t\t\t\t\t<\/style>\n\t\t\t\t\t\t<div class=\"eltd-section-title-outer-holder animate\" style=\"text-align: left\">\n\t<div class=\"eltd-section-title-subtitle-holder\">\n\t\t<h3 class=\"eltd-section-subtitle\" style=\";\"><\/h3>\n\t<\/div>\n\t<div class=\"eltd-section-title-holder\">\n\t\t<h2 class=\"eltd-section-title\" style=\";\">Si et sents diferent, vesteix diferent<\/h2>\n\t<\/div>\n<\/div>[vc_column_text css=&#8221;.vc_custom_1699291231910{margin-top: 30px !important;}&#8221;]A Vintage Mademoiselle creiem que la moda ha de ser atemporal i \u00fanica, que a part de les successives tend\u00e8ncies, cada persona ha de tenir el seu estil i adaptar la moda a la seua pr\u00f2pia personalitat, i aix\u00f2 \u00e9s el que oferim a les nostres clientes, ajudar-les a vestir-se en ocasions especials i ser elles mateixes.<\/p>\n<p>A casa nostra trobar\u00e0s peces de diverses col\u00b7leccions, com a botiga multimarca que som, totes triades amb la idea de combinar l\u2019eleg\u00e0ncia i l\u2019estil donat per la marca per tal d\u2019adaptar-les als teus somnis, idees i il\u00b7lusions, amb l\u2019ajuda de les nostres professionals col\u00b7laboradores.<\/p>\n<p>Volem que et sentes elegant\u00edssima, \u00fanica i especial en un dia radiant i meravell\u00f3s.[\/vc_column_text][vc_btn title=&#8221;Coneix-nos&#8221; shape=&#8221;square&#8221; color=&#8221;black&#8221; css=&#8221;.vc_custom_1699378202516{margin-top: 80px !important;margin-bottom: 0px !important;}&#8221; link=&#8221;url:https%3A%2F%2Fvintagemademoiselle.com%2Fca%2Fqui-som%2F|title:Qui%20som|&#8221;]\t\t<\/div>\n\t<\/div>\n<\/div><div class=\"eltd-elements-holder-item \" >\n\t<div class=\"eltd-elements-holder-item-inner\">\n\t\t<div class=\"eltd-elements-holder-item-content eltd-elements-holder-custom-561871\" style=\"padding: 80px 0 80px 0\">\n\t\t\t\t\t\t<style type=\"text\/css\" data-type=\"eltd-elements-custom-padding\" scoped>\n\t\t\t\t\t\t\t\t\t@media only screen and (min-width: 1024px) and (max-width: 1280px) {\n\t\t\t\t\t\t.eltd-elements-holder .eltd-elements-holder-item-content.eltd-elements-holder-custom-561871 {\n\t\t\t\t\t\t\tpadding: 80px 0 80px 0 !important;\n\t\t\t\t\t\t}\n\t\t\t\t\t}\n\t\t\t\t\t\t\t\t\t\t\t\t@media only screen and (min-width: 768px) and (max-width: 1024px) {\n\t\t\t\t\t.eltd-elements-holder .eltd-elements-holder-item-content.eltd-elements-holder-custom-561871 {\n\t\t\t\t\t\tpadding: 80px 0 80px 0 !important;\n\t\t\t\t\t}\n\t\t\t\t}\n\t\t\t\t\t\t\t\t\t\t\t\t@media only screen and (min-width: 600px) and (max-width: 768px) {\n\t\t\t\t\t.eltd-elements-holder .eltd-elements-holder-item-content.eltd-elements-holder-custom-561871 {\n\t\t\t\t\t\tpadding: 40px 0 70px 0 !important;\n\t\t\t\t\t}\n\t\t\t\t}\n\t\t\t\t\t\t\t\t\t\t\t\t@media only screen and (min-width: 480px) and (max-width: 600px) {\n\t\t\t\t\t.eltd-elements-holder .eltd-elements-holder-item-content.eltd-elements-holder-custom-561871 {\n\t\t\t\t\t\tpadding: 40px 0 70px 0 !important;\n\t\t\t\t\t}\n\t\t\t\t}\n\t\t\t\t\t\t\t\t\t\t\t\t@media only screen and (max-width: 480px) {\n\t\t\t\t\t.eltd-elements-holder .eltd-elements-holder-item-content.eltd-elements-holder-custom-561871 {\n\t\t\t\t\t\tpadding: 40px 0 70px 0 !important;\n\t\t\t\t\t}\n\t\t\t\t}\n\t\t\t\t\t\t\t\t<\/style>\n\t\t\t\t\t\t[vc_single_image image=&#8221;4875&#8243; img_size=&#8221;full&#8221; alignment=&#8221;center&#8221; css_animation=&#8221;right-to-left&#8221;]\t\t<\/div>\n\t<\/div>\n<\/div><\/div>[\/vc_column][\/vc_row][vc_row row_type=&#8221;row&#8221; content_width=&#8221;grid&#8221; anchor=&#8221;&#8221; content_aligment=&#8221;left&#8221; css_animation=&#8221;&#8221; css=&#8221;.vc_custom_1699355870474{background-color: #ededed !important;}&#8221; el_class=&#8221;section-80 home__tienda-cat&#8221;][vc_column width=&#8221;1\/3&#8243;][vc_single_image image=&#8221;4883&#8243; img_size=&#8221;full&#8221; alignment=&#8221;center&#8221;][vc_column_text el_class=&#8221;text-center&#8221; css=&#8221;.vc_custom_1699342982732{margin-top: 26px !important;}&#8221;]<\/p>\n<h3 class=\"uppercase\">Roba de dona per a cerim\u00f2nies<\/h3>\n<p>[\/vc_column_text][\/vc_column][vc_column width=&#8221;1\/3&#8243;][vc_single_image image=&#8221;4885&#8243; img_size=&#8221;full&#8221; alignment=&#8221;center&#8221;][vc_column_text el_class=&#8221;text-center&#8221; css=&#8221;.vc_custom_1699342990032{margin-top: 26px !important;}&#8221;]<\/p>\n<h3 class=\"uppercase\">Complements de moda<\/h3>\n<p>[\/vc_column_text][\/vc_column][vc_column width=&#8221;1\/3&#8243;][vc_single_image image=&#8221;4887&#8243; img_size=&#8221;full&#8221; alignment=&#8221;center&#8221;][vc_column_text el_class=&#8221;text-center&#8221; css=&#8221;.vc_custom_1699342997622{margin-top: 26px !important;}&#8221;]<\/p>\n<h3 class=\"uppercase\">Atenci\u00f3 personalitzada<\/h3>\n<p>[\/vc_column_text][\/vc_column][\/vc_row][vc_row row_type=&#8221;row&#8221; content_width=&#8221;grid&#8221; anchor=&#8221;&#8221; content_aligment=&#8221;center&#8221; css_animation=&#8221;&#8221; css=&#8221;.vc_custom_1699343385328{background-image: url(https:\/\/vintagemademoiselle.com\/wp-content\/uploads\/2023\/11\/home-contact-bg.jpg?id=4898) !important;background-position: center !important;background-repeat: no-repeat !important;background-size: cover !important;}&#8221; el_class=&#8221;section-80&#8243;][vc_column offset=&#8221;vc_col-lg-offset-0 vc_col-lg-12 vc_col-md-offset-0 vc_col-md-12 vc_col-sm-offset-0&#8243;][vc_column_text el_class=&#8221;text-center&#8221;]<\/p>\n<h2 class=\"text-white\">Vine a visitar-nos o contacta amb nosaltres!<\/h2>\n<p>[\/vc_column_text][vc_column_text el_class=&#8221;text-center&#8221; css=&#8221;.vc_custom_1699353173924{margin-top: 30px !important;}&#8221;]<\/p>\n<p class=\"text-white\">Ens trobar\u00e0s al carrer de Sant Isidre, n. 154, de la R\u00e0pita<br \/>\nTel. 977 745 925<\/p>\n<p>[\/vc_column_text][vc_btn title=&#8221;Contacta&#8221; shape=&#8221;square&#8221; color=&#8221;white&#8221; align=&#8221;center&#8221; css=&#8221;.vc_custom_1699378219718{margin-top: 68px !important;margin-bottom: 0px !important;}&#8221; link=&#8221;url:https%3A%2F%2Fvintagemademoiselle.com%2Fca%2Fcontacta%2F|title:Contacta|&#8221;][\/vc_column][\/vc_row]<\/p>\n","protected":false},"excerpt":{"rendered":"<p>[vc_row row_type=&#8221;row&#8221; content_width=&#8221;grid&#8221; anchor=&#8221;&#8221; content_aligment=&#8221;center&#8221; css_animation=&#8221;&#8221; css=&#8221;.vc_custom_1699433115740{background-image: url(https:\/\/vintagemademoiselle.com\/wp-content\/uploads\/2015\/11\/background-slide.jpg?id=4849) !important;}&#8221; el_class=&#8221;home__slide-ca&#8221;][vc_column][vc_column_text] Vintage Mademoiselle [\/vc_column_text][\/vc_column][\/vc_row][vc_row row_type=&#8221;row&#8221; content_width=&#8221;full-width&#8221; anchor=&#8221;&#8221; content_aligment=&#8221;center&#8221; css_animation=&#8221;&#8221; css=&#8221;.vc_custom_1699434415155{margin-right: -15px !important;margin-left: -15px !important;}&#8221; el_class=&#8221;home__separator-slider-ca&#8221;][vc_column css=&#8221;.vc_custom_1699434349171{margin-right: 0px !important;margin-left: 0px !important;}&#8221;][vc_raw_html]JTNDZGl2JTIwY2xhc3MlM0QlMjJlbHRkLXJvdy1zdmctaG9sZGVyJTIyJTNFJTNDZGl2JTIwY2xhc3MlM0QlMjJlbHRkLXJvdy1zdmctaG9sZGVyLXNpZGUlMjIlM0UlM0MlMkZkaXYlM0UlM0NkaXYlMjBjbGFzcyUzRCUyMmVsdGQtcm93LXN2Zy1ob2xkZXItbWlkZGxlJTIyJTNFJTBBJTNDc3ZnJTIwdmVyc2lvbiUzRCUyMjEuMSUyMiUyMGlkJTNEJTIyTGF5ZXJfMjA0OTIzMTMwOCUyMiUyMHhtbG5zJTNEJTIyaHR0cCUzQSUyRiUyRnd3dy53My5vcmclMkYyMDAwJTJGc3ZnJTIyJTIweG1sbnMlM0F4bGluayUzRCUyMmh0dHAlM0ElMkYlMkZ3d3cudzMub3JnJTJGMTk5OSUyRnhsaW5rJTIyJTIweCUzRCUyMjBweCUyMiUyMHklM0QlMjIwcHglMjIlMjB3aWR0aCUzRCUyMjgwcHglMjIlMjBoZWlnaHQlM0QlMjIzMnB4JTIyJTIwdmlld0JveCUzRCUyMjAlMjAwJTIwODAlMjAzMiUyMiUyMGVuYWJsZS1iYWNrZ3JvdW5kJTNEJTIybmV3JTIwMCUyMDAlMjA4MCUyMDMyJTIyJTIweG1sJTNBc3BhY2UlM0QlMjJwcmVzZXJ2ZSUyMiUzRSUwQSUzQ2xpbmUlMjBmaWxsJTNEJTIybm9uZSUyMiUyMHgxJTNEJTIyNC43MiUyMiUyMHkxJTNEJTIyMS41MDElMjIlMjB4MiUzRCUyMjQuNzIxJTIyJTIweTIlM0QlMjIxLjUlMjIlM0UlM0MlMkZsaW5lJTNFJTBBJTNDcGF0aCUyMGQlM0QlMjJNNy45JTJDMi42MTMlMjIlM0UlM0MlMkZwYXRoJTNFJTBBJTNDcGF0aCUyMGZpbGwlM0QlMjIlMjNGRkZGRkYlMjIlMjBkJTNEJTIyTTgwJTJDMzJWMC4wMDRoLTAuMDgyQzc5Ljg5MiUyQzAuMDA0JTJDNzkuODY0JTJDMCUyQzc5LjgzNSUyQzBjLTAuMDMxJTJDMC0wLjA2NCUyQzAuMDA0LTAuMDk2JTJDMC4wMDRoLTAuMjExdjAuMDElMEElMDljLTMuMDk5JTJDMC4wNzUtNS45MzElMkMxLjI2Mi04LjE0JTJDMy4yMDJsLTI3LjIxJTJDMjUuMTljLTEuNTQ4JTJDMS4zMTItMi45NzklMkMxLjg3Ny00LjE3OCUyQzEuODc3Yy0xLjE5NyUyQzAtMi42MjYtMC41NjItNC4xNjgtMS44NjclMEElMDlMOC42MTElMkMzLjIxN2MtMi4yMDktMS45NC01LjA0Mi0zLjEyNy04LjEzOS0zLjIwMnYtMC4wMWgtMC4yMUMwLjIzJTJDMC4wMDQlMkMwLjE5OCUyQzAlMkMwLjE2NSUyQzBDMC4xMzYlMkMwJTJDMC4xMDklMkMwLjAwNCUyQzAuMDgxJTJDMC4wMDRIMFYzMkg4MCUwQSUwOXolMjIlM0UlM0MlMkZwYXRoJTNFJTBBJTNDJTJGc3ZnJTNFJTBBJTNDJTJGZGl2JTNFJTNDZGl2JTIwY2xhc3MlM0QlMjJlbHRkLXJvdy1zdmctaG9sZGVyLXNpZGUlMjIlM0UlM0MlMkZkaXYlM0UlM0MlMkZkaXYlM0U=[\/vc_raw_html][\/vc_column][\/vc_row][vc_row row_type=&#8221;row&#8221; content_width=&#8221;grid&#8221; anchor=&#8221;&#8221; content_aligment=&#8221;center&#8221; css_animation=&#8221;&#8221; el_class=&#8221;home__title&#8221;][vc_column][vc_column_text] Boutique de roba de dona per a esdeveniments i cerim\u00f2nies&#8230;<\/p>\n","protected":false},"author":2,"featured_media":0,"parent":0,"menu_order":0,"comment_status":"closed","ping_status":"closed","template":"full-width.php","meta":{"footnotes":""},"class_list":["post-5107","page","type-page","status-publish","hentry"],"yoast_head":"<!-- This site is optimized with the Yoast SEO plugin v26.4 - https:\/\/yoast.com\/wordpress\/plugins\/seo\/ -->\n<title>Vintage Mademoiselle, boutique de roba de dona<\/title>\n<meta name=\"description\" content=\"Benvinguts a Vintage Mademoiselle, la boutique de roba de dona per a cerim\u00f2nies, esdeveniments i ocasions especials, la teua botiga de moda de confian\u00e7a.\" \/>\n<meta name=\"robots\" content=\"index, follow, max-snippet:-1, max-image-preview:large, max-video-preview:-1\" \/>\n<link rel=\"canonical\" href=\"https:\/\/vintagemademoiselle.com\/ca\/\" \/>\n<meta property=\"og:locale\" content=\"ca_ES\" \/>\n<meta property=\"og:type\" content=\"article\" \/>\n<meta property=\"og:title\" content=\"Vintage Mademoiselle, boutique de roba de dona\" \/>\n<meta property=\"og:description\" content=\"Benvinguts a Vintage Mademoiselle, la boutique de roba de dona per a cerim\u00f2nies, esdeveniments i ocasions especials, la teua botiga de moda de confian\u00e7a.\" \/>\n<meta property=\"og:url\" content=\"https:\/\/vintagemademoiselle.com\/ca\/\" \/>\n<meta property=\"og:site_name\" content=\"vintage mademoiselle\" \/>\n<meta property=\"article:modified_time\" content=\"2023-11-08T15:02:25+00:00\" \/>\n<meta name=\"twitter:card\" content=\"summary_large_image\" \/>\n<meta name=\"twitter:label1\" content=\"Temps estimat de lectura\" \/>\n\t<meta name=\"twitter:data1\" content=\"3 minuts\" \/>\n<script type=\"application\/ld+json\" class=\"yoast-schema-graph\">{\"@context\":\"https:\/\/schema.org\",\"@graph\":[{\"@type\":\"WebPage\",\"@id\":\"https:\/\/vintagemademoiselle.com\/ca\/\",\"url\":\"https:\/\/vintagemademoiselle.com\/ca\/\",\"name\":\"Vintage Mademoiselle, boutique de roba de dona\",\"isPartOf\":{\"@id\":\"https:\/\/vintagemademoiselle.com\/ca\/#website\"},\"datePublished\":\"2015-10-28T07:25:55+00:00\",\"dateModified\":\"2023-11-08T15:02:25+00:00\",\"description\":\"Benvinguts a Vintage Mademoiselle, la boutique de roba de dona per a cerim\u00f2nies, esdeveniments i ocasions especials, la teua botiga de moda de confian\u00e7a.\",\"breadcrumb\":{\"@id\":\"https:\/\/vintagemademoiselle.com\/ca\/#breadcrumb\"},\"inLanguage\":\"ca\",\"potentialAction\":[{\"@type\":\"ReadAction\",\"target\":[\"https:\/\/vintagemademoiselle.com\/ca\/\"]}]},{\"@type\":\"BreadcrumbList\",\"@id\":\"https:\/\/vintagemademoiselle.com\/ca\/#breadcrumb\",\"itemListElement\":[{\"@type\":\"ListItem\",\"position\":1,\"name\":\"Portada\",\"item\":\"https:\/\/vintagemademoiselle.com\/ca\/\"},{\"@type\":\"ListItem\",\"position\":2,\"name\":\"Home\"}]},{\"@type\":\"WebSite\",\"@id\":\"https:\/\/vintagemademoiselle.com\/ca\/#website\",\"url\":\"https:\/\/vintagemademoiselle.com\/ca\/\",\"name\":\"vintage mademoiselle\",\"description\":\"\",\"potentialAction\":[{\"@type\":\"SearchAction\",\"target\":{\"@type\":\"EntryPoint\",\"urlTemplate\":\"https:\/\/vintagemademoiselle.com\/ca\/?s={search_term_string}\"},\"query-input\":{\"@type\":\"PropertyValueSpecification\",\"valueRequired\":true,\"valueName\":\"search_term_string\"}}],\"inLanguage\":\"ca\"}]}<\/script>\n<!-- \/ Yoast SEO plugin. -->","yoast_head_json":{"title":"Vintage Mademoiselle, boutique de roba de dona","description":"Benvinguts a Vintage Mademoiselle, la boutique de roba de dona per a cerim\u00f2nies, esdeveniments i ocasions especials, la teua botiga de moda de confian\u00e7a.","robots":{"index":"index","follow":"follow","max-snippet":"max-snippet:-1","max-image-preview":"max-image-preview:large","max-video-preview":"max-video-preview:-1"},"canonical":"https:\/\/vintagemademoiselle.com\/ca\/","og_locale":"ca_ES","og_type":"article","og_title":"Vintage Mademoiselle, boutique de roba de dona","og_description":"Benvinguts a Vintage Mademoiselle, la boutique de roba de dona per a cerim\u00f2nies, esdeveniments i ocasions especials, la teua botiga de moda de confian\u00e7a.","og_url":"https:\/\/vintagemademoiselle.com\/ca\/","og_site_name":"vintage mademoiselle","article_modified_time":"2023-11-08T15:02:25+00:00","twitter_card":"summary_large_image","twitter_misc":{"Temps estimat de lectura":"3 minuts"},"schema":{"@context":"https:\/\/schema.org","@graph":[{"@type":"WebPage","@id":"https:\/\/vintagemademoiselle.com\/ca\/","url":"https:\/\/vintagemademoiselle.com\/ca\/","name":"Vintage Mademoiselle, boutique de roba de dona","isPartOf":{"@id":"https:\/\/vintagemademoiselle.com\/ca\/#website"},"datePublished":"2015-10-28T07:25:55+00:00","dateModified":"2023-11-08T15:02:25+00:00","description":"Benvinguts a Vintage Mademoiselle, la boutique de roba de dona per a cerim\u00f2nies, esdeveniments i ocasions especials, la teua botiga de moda de confian\u00e7a.","breadcrumb":{"@id":"https:\/\/vintagemademoiselle.com\/ca\/#breadcrumb"},"inLanguage":"ca","potentialAction":[{"@type":"ReadAction","target":["https:\/\/vintagemademoiselle.com\/ca\/"]}]},{"@type":"BreadcrumbList","@id":"https:\/\/vintagemademoiselle.com\/ca\/#breadcrumb","itemListElement":[{"@type":"ListItem","position":1,"name":"Portada","item":"https:\/\/vintagemademoiselle.com\/ca\/"},{"@type":"ListItem","position":2,"name":"Home"}]},{"@type":"WebSite","@id":"https:\/\/vintagemademoiselle.com\/ca\/#website","url":"https:\/\/vintagemademoiselle.com\/ca\/","name":"vintage mademoiselle","description":"","potentialAction":[{"@type":"SearchAction","target":{"@type":"EntryPoint","urlTemplate":"https:\/\/vintagemademoiselle.com\/ca\/?s={search_term_string}"},"query-input":{"@type":"PropertyValueSpecification","valueRequired":true,"valueName":"search_term_string"}}],"inLanguage":"ca"}]}},"_links":{"self":[{"href":"https:\/\/vintagemademoiselle.com\/ca\/wp-json\/wp\/v2\/pages\/5107","targetHints":{"allow":["GET"]}}],"collection":[{"href":"https:\/\/vintagemademoiselle.com\/ca\/wp-json\/wp\/v2\/pages"}],"about":[{"href":"https:\/\/vintagemademoiselle.com\/ca\/wp-json\/wp\/v2\/types\/page"}],"author":[{"embeddable":true,"href":"https:\/\/vintagemademoiselle.com\/ca\/wp-json\/wp\/v2\/users\/2"}],"replies":[{"embeddable":true,"href":"https:\/\/vintagemademoiselle.com\/ca\/wp-json\/wp\/v2\/comments?post=5107"}],"version-history":[{"count":25,"href":"https:\/\/vintagemademoiselle.com\/ca\/wp-json\/wp\/v2\/pages\/5107\/revisions"}],"predecessor-version":[{"id":5202,"href":"https:\/\/vintagemademoiselle.com\/ca\/wp-json\/wp\/v2\/pages\/5107\/revisions\/5202"}],"wp:attachment":[{"href":"https:\/\/vintagemademoiselle.com\/ca\/wp-json\/wp\/v2\/media?parent=5107"}],"curies":[{"name":"wp","href":"https:\/\/api.w.org\/{rel}","templated":true}]}}