{"id":5142,"date":"2023-11-08T10:23:29","date_gmt":"2023-11-08T09:23:29","guid":{"rendered":"https:\/\/vintagemademoiselle.com\/avis-legal\/"},"modified":"2023-11-08T12:42:45","modified_gmt":"2023-11-08T11:42:45","slug":"avis-legal","status":"publish","type":"page","link":"https:\/\/vintagemademoiselle.com\/ca\/avis-legal\/","title":{"rendered":"Av\u00eds legal"},"content":{"rendered":"<p>[vc_row row_type=&#8221;row&#8221; content_width=&#8221;full-width&#8221; anchor=&#8221;&#8221; content_aligment=&#8221;left&#8221; css_animation=&#8221;&#8221;][vc_column][vc_column_text]<strong>I. INFORMACI\u00d3 GENERAL<\/strong><\/p>\n<p>En compliment amb el deure d\u2019informaci\u00f3 que disposa la Llei 34\/2002 de serveis de la societat de la informaci\u00f3 i el comer\u00e7 electr\u00f2nic (LSSI-CE) d\u201911 de juliol, es faciliten a continuaci\u00f3 les dades d\u2019informaci\u00f3 general d\u2019aquest lloc web seg\u00fcents:<\/p>\n<p>La titularitat d\u2019aquest lloc web, vintagemademoiselle.com (en endavant, lloc web), l\u2019exerceix: VINTAGE MADEMOISELLE, prove\u00efda de NIF: 40936525K i inscrita a: Registre mercantil de Tortosa amb les seg\u00fcents dades registrals: Tom: \u2014, Foli: \u2014, Fulla: \u2014, el representant \u00e9s: VINTAGE MADEMOISELLE, les dades del qual s\u00f3n:<\/p>\n<p>Adre\u00e7a: Carrer de Sant Isidre, 154. 43540 La R\u00e0pita (Tarragona). Tel\u00e8fon de contacte: 977 745 925. Correu electr\u00f2nic: info@vintagemademoiselle.com<\/p>\n<p><strong>II. TERMES I CONDICIONS GENERALS D\u2019\u00daS<\/strong><\/p>\n<p><strong>L\u2019objecte de les condicions: El lloc web<\/strong><\/p>\n<p>L\u2019objecte de les presents condicions generals d\u2019\u00fas (en endavant, condicions) \u00e9s regular l\u2019acc\u00e9s i la utilitzaci\u00f3 del lloc web. A l\u2019efecte de les presents condicions s\u2019entendr\u00e0 com a lloc web: l\u2019aparen\u00e7a externa de les interf\u00edcies de pantalla, tant de forma est\u00e0tica com de forma din\u00e0mica; \u00e9s a dir, l\u2019arbre de navegaci\u00f3 i tots els elements integrats tant en les interf\u00edcies de pantalla com a l\u2019arbre de navegaci\u00f3 (en endavant, continguts) i tots aquells serveis o recursos en l\u00ednia que, si escau, ofereixi als usuaris (en endavant, serveis).<\/p>\n<p>VINTAGE MADEMOISELLE es reserva la facultat de modificar, en qualsevol moment, i sense av\u00eds previ, la presentaci\u00f3 i configuraci\u00f3 del lloc web i dels continguts i Serveis que en ell poguessin estar incorporats. L\u2019usuari reconeix i accepta que en qualsevol moment VINTAGE MADEMOISELLE pugui interrompre, desactivar i\/o cancel\u00b7lar qualsevol d\u2019aquests elements que s\u2019integren en el lloc web o l\u2019acc\u00e9s a aquests.<\/p>\n<p>L\u2019acc\u00e9s a la web per l\u2019usuari t\u00e9 car\u00e0cter lliure i, per regla general, \u00e9s gratu\u00eft sense que l\u2019usuari hagi de proporcionar una contraprestaci\u00f3 per poder gaudir-ne, excepte pel que fa al cost de connexi\u00f3 a trav\u00e9s de la xarxa de telecomunicacions subministrada pel prove\u00efdor d\u2019acc\u00e9s que hagi contractat l\u2019usuari.<\/p>\n<p>La utilitzaci\u00f3 dels continguts no requereix pr\u00e8via subscripci\u00f3 o registre.<\/p>\n<p><strong>L\u2019usuari<\/strong><\/p>\n<p>L\u2019acc\u00e9s, la navegaci\u00f3 i \u00fas del lloc web confereix la condici\u00f3 d\u2019usuari, per la qual s\u2019accepten, des que s\u2019inicia la navegaci\u00f3 pel lloc web, totes les condicions aqu\u00ed establertes, aix\u00ed com les modificacions ulteriors, sense perjudici de l&#8217;aplicaci\u00f3 de la corresponent normativa legal d\u2019obligat compliment segons el cas. Donada la rellev\u00e0ncia de l\u2019anterior, es recomana a l\u2019usuari llegir-les cada vegada que visiti el lloc web.<\/p>\n<p>El lloc web de VINTAGE MADEMOISELLE proporciona gran diversitat d\u2019informaci\u00f3, serveis i dades. L\u2019usuari assumeix la seua responsabilitat per fer un \u00fas correcte del lloc web. Aquesta responsabilitat s\u2019estendr\u00e0 a:<\/p>\n<p>Un \u00fas de la informaci\u00f3, continguts i\/o serveis i dades ofertes per VINTAGE MADEMOISELLE sense que sigui contrari al que disposa per les presents condicions, la llei, la moral o l\u2019ordre p\u00fablic, o que de qualsevol altra manera puguin suposar lesi\u00f3 dels drets de tercers o del mateix funcionament del lloc web.<\/p>\n<p>El fet d\u2019accedir a aquest lloc web no suposa establir cap tipus de relaci\u00f3 de car\u00e0cter comercial entre VINTAGE MADEMOISELLE i l\u2019usuari.<\/p>\n<p>L\u2019usuari declara ser major d\u2019edat i disposar de la capacitat jur\u00eddica suficient per vincular-se per les presents condicions. Per tant, aquest lloc web de VINTAGE MADEMOISELLE no es dirigeix a menors d\u2019edat. VINTAGE MADEMOISELLE declina qualsevol responsabilitat per l\u2019incompliment d\u2019aquest requisit.<\/p>\n<p>El lloc web est\u00e0 dirigit principalment a usuaris residents a Espanya. VINTAGE MADEMOISELLE no assegura que el lloc web compleixi amb legislacions d\u2019altres pa\u00efsos, ja sigui totalment o parcialment. Si l\u2019usuari resideix o t\u00e9 el domicili en un altre lloc i decideix accedir o navegar pel lloc web, ho far\u00e0 sota la seua pr\u00f2pia responsabilitat, s\u2019ha d\u2019assegurar que aquest acc\u00e9s i navegaci\u00f3 compleix amb la legislaci\u00f3 local que li \u00e9s aplicable; VINTAGE MADEMOISELLE no assumir\u00e0 cap responsabilitat que es pugui derivar d\u2019aquest acc\u00e9s.<\/p>\n<p><strong>III. ACC\u00c9S I NAVEGACI\u00d3 AL LLOC WEB: EXCLUSI\u00d3 DE GARANTIES I RESPONSABILITAT<\/strong><\/p>\n<p>VINTAGE MADEMOISELLE no garanteix la continu\u00eftat, disponibilitat i utilitat del lloc web, ni dels continguts o serveis. VINTAGE MADEMOISELLE far\u00e0 tot el possible per al bon funcionament del lloc web, per\u00f2 no es responsabilitza ni garanteix que l\u2019acc\u00e9s a aquest lloc web no sigui ininterromput o que estigui lliure d\u2019error.<\/p>\n<p>Tampoc es responsabilitza o garanteix que el contingut o programari a qu\u00e8 es pugui accedir a trav\u00e9s d\u2019aquest lloc web estigui lliure d\u2019error o causi un dany al sistema inform\u00e0tic (programari i maquinari) de l\u2019usuari. En cap cas VINTAGE MADEMOISELLE ser\u00e0 responsable per les p\u00e8rdues, danys o perjudicis de qualsevol tipus que sorgeixin per l\u2019acc\u00e9s, navegaci\u00f3 i l\u2019\u00fas del lloc web, incloent, per\u00f2 no limitant, els ocasionats als sistemes inform\u00e0tics o els provocats per la introducci\u00f3 de virus.<\/p>\n<p>VINTAGE MADEMOISELLE tampoc es fa responsable dels danys que poguessin ocasionar-se als usuaris per un \u00fas inadequat d\u2019aquest lloc web. En particular, no es fa responsable de cap manera de les caigudes, interrupcions, falta o defecte de les telecomunicacions que poguessin oc\u00f3rrer.<\/p>\n<p><strong>IV. POL\u00cdTICA DE PRIVACITAT I PROTECCI\u00d3 DE DADES<\/strong><\/p>\n<p>Respectant el que estableix la legislaci\u00f3 vigent, VINTAGE MADEMOISELLE es compromet a adoptar les mesures t\u00e8cniques i organitzatives necess\u00e0ries, segons el nivell de seguretat adequat al risc de les dades recollides.<\/p>\n<p><strong>Lleis que incorpora aquesta pol\u00edtica de privacitat<\/strong><\/p>\n<p>Aquesta pol\u00edtica de privacitat est\u00e0 adaptada a la normativa espanyola i europea vigent en mat\u00e8ria de protecci\u00f3 de dades personals a internet. En concret, respecta les normes seg\u00fcents:<\/p>\n<ul>\n<li>El Reglament (UE) 2016\/679 del Parlament Europeu i del Consell, de 27 d\u2019abril de 2016, relatiu a la protecci\u00f3 de les persones f\u00edsiques pel que fa al tractament de dades personals ia la lliure circulaci\u00f3 d\u2019aquestes dades (RGPD).<\/li>\n<li>La Llei org\u00e0nica 3\/2018, de 5 de desembre, de protecci\u00f3 de dades personals i garantia dels drets digitals (LOPD-GDD).<\/li>\n<li>El Reial decret 1720\/2007, de 21 de desembre, pel qual s\u2019aprova el Reglament de desenvolupament de la Llei org\u00e0nica 15\/1999, de 13 de desembre, de protecci\u00f3 de dades de car\u00e0cter personal (RDLOPD).<\/li>\n<li>La Llei 34\/2002, de 11 de juliol, de serveis de la societat de la informaci\u00f3 i de comer\u00e7 electr\u00f2nic (LSSI-CE).<\/li>\n<\/ul>\n<p><a href=\"https:\/\/vintagemademoiselle.com\/ca\/politica-de-privacitat\/\">Consulteu la pol\u00edtica de privacitat.<\/a><\/p>\n<p><a href=\"https:\/\/vintagemademoiselle.com\/ca\/politica-de-cookies\/\">Consulteu la pol\u00edtica de cookies<\/a><\/p>\n<p><strong>V. POL\u00cdTICA D\u2019ENLLA\u00c7OS<\/strong><\/p>\n<p>L\u2019usuari o tercer que realitzi un hipervincle des d\u2019una p\u00e0gina web d\u2019un altre, diferent, lloc web al lloc web de VINTAGE MADEMOISELLE haur\u00e0 de saber que:<\/p>\n<ul>\n<li>No es permet la reproducci\u00f3 -total o parcial- de cap dels continguts o serveis del lloc web sense autoritzaci\u00f3 expressa de VINTAGE MADEMOISELLE.<\/li>\n<li>No es permet tampoc cap manifestaci\u00f3 falsa, inexacta o incorrecta sobre el lloc web de VINTAGE MADEMOISELLE ni sobre els continguts o serveis d\u2019aquest.<\/li>\n<li>A excepci\u00f3 de l\u2019hipervincle, el lloc web en qu\u00e8 s\u2019estableixi l\u2019anomentat hiperenlla\u00e7 no contindr\u00e0 cap element d\u2019aquest lloc web protegit com a propietat intel\u00b7lectual per l\u2019ordenament jur\u00eddic espanyol, llevat d\u2019autoritzaci\u00f3 expressa VINTAGE MADEMOISELLE.<\/li>\n<li>L\u2019establiment de l\u2019hipervincle no implicar\u00e0 l\u2019exist\u00e8ncia de relacions entre VINTAGE MADEMOISELLE i el titular de la p\u00e0gina web des del qual es realitzi, ni el coneixement i acceptaci\u00f3 de VINTAGE MADEMOISELLE dels continguts, serveis o activitats oferts en aquest lloc web, i viceversa.<\/li>\n<\/ul>\n<p><strong>VI. PROPIETAT INTEL\u00b7LECTUAL I INDUSTRIAL<\/strong><\/p>\n<p>VINTAGE MADEMOISELLE per se o com a part cession\u00e0ria, \u00e9s titular de tots els drets de propietat intel\u00b7lectual i industrial del lloc web, aix\u00ed com dels elements continguts en aquest (a t\u00edtol enunciatiu i no exhaustiu: imatges, so, \u00e0udio, v\u00eddeo, programari o textos, marques o logotips, combinacions de colors, estructura i disseny, selecci\u00f3 de materials usats, programes d\u2019ordinador necessaris per al seu funcionament, acc\u00e9s i \u00fas, etc.). Seran, per tant, obres protegides com a propietat intel\u00b7lectual per l\u2019ordenament jur\u00eddic espanyol, ser\u00e0 d\u2019aplicaci\u00f3 tant la normativa espanyola i comunit\u00e0ria en aquest camp com els tractats internacionals relatius a la mat\u00e8ria i subscrits per Espanya.<\/p>\n<p>Tots els drets reservats. En virtut del que disposa la Llei de propietat intel\u00b7lectual, queden expressament prohibides la reproducci\u00f3, la distribuci\u00f3 i la comunicaci\u00f3 p\u00fablica, inclosa la modalitat de posada a disposici\u00f3 de la totalitat o part dels continguts d\u2019aquesta p\u00e0gina web, amb finalitats comercials, en qualsevol suport i per qualsevol mitj\u00e0 t\u00e8cnic, sense l\u2019autoritzaci\u00f3 de VINTAGE MADEMOISELLE.<\/p>\n<p>L\u2019usuari es compromet a respectar els drets de propietat intel\u00b7lectual i industrial de VINTAGE MADEMOISELLE. Podr\u00e0 visualitzar els elements del lloc web o fins i tot imprimir-los, copiar-los i emmagatzemar-los al disc dur del seu ordinador o en qualsevol altre suport f\u00edsic sempre que sigui, exclusivament, per al seu \u00fas personal. L\u2019usuari, per\u00f2, no podr\u00e0 suprimir, alterar, o manipular qualsevol dispositiu de protecci\u00f3 o sistema de seguretat que estigu\u00e9s instal\u00b7lat en el lloc web.<\/p>\n<p>En cas que l\u2019usuari o tercer consideri que qualsevol dels continguts del lloc web suposi una violaci\u00f3 dels drets de protecci\u00f3 de la propietat intel\u00b7lectual, haur\u00e0 de comunicar-ho immediatament a VINTAGE MADEMOISELLE a trav\u00e9s de les dades de contacte de l\u2019apartat d\u2019INFORMACI\u00d3 GENERAL d\u2019aquest av\u00eds legal i condicions generals d\u2019\u00fas.<\/p>\n<p><strong>VII. ACCIONS LEGALS, LEGISLACI\u00d3 APLICABLE I JURISDICCI\u00d3<\/strong><\/p>\n<p>VINTAGE MADEMOISELLE es reserva la facultat de presentar les accions civils o penals que consideri necess\u00e0ries per la utilitzaci\u00f3 indeguda del lloc web i continguts o per l\u2019incompliment de les presents condicions.<\/p>\n<p>La relaci\u00f3 entre l\u2019usuari i VINTAGE MADEMOISELLE es regir\u00e0 per la normativa vigent i d\u2019aplicaci\u00f3 en el territori espanyol. Si sorgeix qualsevol controv\u00e8rsia en relaci\u00f3 amb la interpretaci\u00f3 o l\u2019aplicaci\u00f3 d\u2019aquestes condicions, les parts sotmetran els seus conflictes a la jurisdicci\u00f3 ordin\u00e0ria sotmetent-se als jutges i tribunals que corresponguin conforme a dret.<\/p>\n<p>Darrera modificaci\u00f3: 30 d\u2019octubre 2023[\/vc_column_text][\/vc_column][\/vc_row]<\/p>\n","protected":false},"excerpt":{"rendered":"<p>[vc_row row_type=&#8221;row&#8221; content_width=&#8221;full-width&#8221; anchor=&#8221;&#8221; content_aligment=&#8221;left&#8221; css_animation=&#8221;&#8221;][vc_column][vc_column_text]I. INFORMACI\u00d3 GENERAL En compliment amb el deure d\u2019informaci\u00f3 que disposa la Llei 34\/2002 de serveis de la societat de la informaci\u00f3 i el comer\u00e7 electr\u00f2nic (LSSI-CE) d\u201911 de juliol, es faciliten a continuaci\u00f3 les dades d\u2019informaci\u00f3 general d\u2019aquest lloc&#8230;<\/p>\n","protected":false},"author":2,"featured_media":0,"parent":0,"menu_order":0,"comment_status":"closed","ping_status":"closed","template":"","meta":{"footnotes":""},"class_list":["post-5142","page","type-page","status-publish","hentry"],"yoast_head":"<!-- This site is optimized with the Yoast SEO plugin v26.4 - https:\/\/yoast.com\/wordpress\/plugins\/seo\/ -->\n<title>Av\u00eds legal - vintage mademoiselle<\/title>\n<meta name=\"robots\" content=\"index, follow, max-snippet:-1, max-image-preview:large, max-video-preview:-1\" \/>\n<link rel=\"canonical\" href=\"https:\/\/vintagemademoiselle.com\/ca\/avis-legal\/\" \/>\n<meta property=\"og:locale\" content=\"ca_ES\" \/>\n<meta property=\"og:type\" content=\"article\" \/>\n<meta property=\"og:title\" content=\"Av\u00eds legal - vintage mademoiselle\" \/>\n<meta property=\"og:description\" content=\"[vc_row row_type=&#8221;row&#8221; content_width=&#8221;full-width&#8221; anchor=&#8221;&#8221; content_aligment=&#8221;left&#8221; css_animation=&#8221;&#8221;][vc_column][vc_column_text]I. INFORMACI\u00d3 GENERAL En compliment amb el deure d\u2019informaci\u00f3 que disposa la Llei 34\/2002 de serveis de la societat de la informaci\u00f3 i el comer\u00e7 electr\u00f2nic (LSSI-CE) d\u201911 de juliol, es faciliten a continuaci\u00f3 les dades d\u2019informaci\u00f3 general d\u2019aquest lloc...\" \/>\n<meta property=\"og:url\" content=\"https:\/\/vintagemademoiselle.com\/ca\/avis-legal\/\" \/>\n<meta property=\"og:site_name\" content=\"vintage mademoiselle\" \/>\n<meta property=\"article:modified_time\" content=\"2023-11-08T11:42:45+00:00\" \/>\n<meta name=\"twitter:card\" content=\"summary_large_image\" \/>\n<meta name=\"twitter:label1\" content=\"Temps estimat de lectura\" \/>\n\t<meta name=\"twitter:data1\" content=\"9 minuts\" \/>\n<script type=\"application\/ld+json\" class=\"yoast-schema-graph\">{\"@context\":\"https:\/\/schema.org\",\"@graph\":[{\"@type\":\"WebPage\",\"@id\":\"https:\/\/vintagemademoiselle.com\/ca\/avis-legal\/\",\"url\":\"https:\/\/vintagemademoiselle.com\/ca\/avis-legal\/\",\"name\":\"Av\u00eds legal - vintage mademoiselle\",\"isPartOf\":{\"@id\":\"https:\/\/vintagemademoiselle.com\/ca\/#website\"},\"datePublished\":\"2023-11-08T09:23:29+00:00\",\"dateModified\":\"2023-11-08T11:42:45+00:00\",\"breadcrumb\":{\"@id\":\"https:\/\/vintagemademoiselle.com\/ca\/avis-legal\/#breadcrumb\"},\"inLanguage\":\"ca\",\"potentialAction\":[{\"@type\":\"ReadAction\",\"target\":[\"https:\/\/vintagemademoiselle.com\/ca\/avis-legal\/\"]}]},{\"@type\":\"BreadcrumbList\",\"@id\":\"https:\/\/vintagemademoiselle.com\/ca\/avis-legal\/#breadcrumb\",\"itemListElement\":[{\"@type\":\"ListItem\",\"position\":1,\"name\":\"Portada\",\"item\":\"https:\/\/vintagemademoiselle.com\/ca\/\"},{\"@type\":\"ListItem\",\"position\":2,\"name\":\"Av\u00eds legal\"}]},{\"@type\":\"WebSite\",\"@id\":\"https:\/\/vintagemademoiselle.com\/ca\/#website\",\"url\":\"https:\/\/vintagemademoiselle.com\/ca\/\",\"name\":\"vintage mademoiselle\",\"description\":\"\",\"potentialAction\":[{\"@type\":\"SearchAction\",\"target\":{\"@type\":\"EntryPoint\",\"urlTemplate\":\"https:\/\/vintagemademoiselle.com\/ca\/?s={search_term_string}\"},\"query-input\":{\"@type\":\"PropertyValueSpecification\",\"valueRequired\":true,\"valueName\":\"search_term_string\"}}],\"inLanguage\":\"ca\"}]}<\/script>\n<!-- \/ Yoast SEO plugin. -->","yoast_head_json":{"title":"Av\u00eds legal - vintage mademoiselle","robots":{"index":"index","follow":"follow","max-snippet":"max-snippet:-1","max-image-preview":"max-image-preview:large","max-video-preview":"max-video-preview:-1"},"canonical":"https:\/\/vintagemademoiselle.com\/ca\/avis-legal\/","og_locale":"ca_ES","og_type":"article","og_title":"Av\u00eds legal - vintage mademoiselle","og_description":"[vc_row row_type=&#8221;row&#8221; content_width=&#8221;full-width&#8221; anchor=&#8221;&#8221; content_aligment=&#8221;left&#8221; css_animation=&#8221;&#8221;][vc_column][vc_column_text]I. INFORMACI\u00d3 GENERAL En compliment amb el deure d\u2019informaci\u00f3 que disposa la Llei 34\/2002 de serveis de la societat de la informaci\u00f3 i el comer\u00e7 electr\u00f2nic (LSSI-CE) d\u201911 de juliol, es faciliten a continuaci\u00f3 les dades d\u2019informaci\u00f3 general d\u2019aquest lloc...","og_url":"https:\/\/vintagemademoiselle.com\/ca\/avis-legal\/","og_site_name":"vintage mademoiselle","article_modified_time":"2023-11-08T11:42:45+00:00","twitter_card":"summary_large_image","twitter_misc":{"Temps estimat de lectura":"9 minuts"},"schema":{"@context":"https:\/\/schema.org","@graph":[{"@type":"WebPage","@id":"https:\/\/vintagemademoiselle.com\/ca\/avis-legal\/","url":"https:\/\/vintagemademoiselle.com\/ca\/avis-legal\/","name":"Av\u00eds legal - vintage mademoiselle","isPartOf":{"@id":"https:\/\/vintagemademoiselle.com\/ca\/#website"},"datePublished":"2023-11-08T09:23:29+00:00","dateModified":"2023-11-08T11:42:45+00:00","breadcrumb":{"@id":"https:\/\/vintagemademoiselle.com\/ca\/avis-legal\/#breadcrumb"},"inLanguage":"ca","potentialAction":[{"@type":"ReadAction","target":["https:\/\/vintagemademoiselle.com\/ca\/avis-legal\/"]}]},{"@type":"BreadcrumbList","@id":"https:\/\/vintagemademoiselle.com\/ca\/avis-legal\/#breadcrumb","itemListElement":[{"@type":"ListItem","position":1,"name":"Portada","item":"https:\/\/vintagemademoiselle.com\/ca\/"},{"@type":"ListItem","position":2,"name":"Av\u00eds legal"}]},{"@type":"WebSite","@id":"https:\/\/vintagemademoiselle.com\/ca\/#website","url":"https:\/\/vintagemademoiselle.com\/ca\/","name":"vintage mademoiselle","description":"","potentialAction":[{"@type":"SearchAction","target":{"@type":"EntryPoint","urlTemplate":"https:\/\/vintagemademoiselle.com\/ca\/?s={search_term_string}"},"query-input":{"@type":"PropertyValueSpecification","valueRequired":true,"valueName":"search_term_string"}}],"inLanguage":"ca"}]}},"_links":{"self":[{"href":"https:\/\/vintagemademoiselle.com\/ca\/wp-json\/wp\/v2\/pages\/5142","targetHints":{"allow":["GET"]}}],"collection":[{"href":"https:\/\/vintagemademoiselle.com\/ca\/wp-json\/wp\/v2\/pages"}],"about":[{"href":"https:\/\/vintagemademoiselle.com\/ca\/wp-json\/wp\/v2\/types\/page"}],"author":[{"embeddable":true,"href":"https:\/\/vintagemademoiselle.com\/ca\/wp-json\/wp\/v2\/users\/2"}],"replies":[{"embeddable":true,"href":"https:\/\/vintagemademoiselle.com\/ca\/wp-json\/wp\/v2\/comments?post=5142"}],"version-history":[{"count":3,"href":"https:\/\/vintagemademoiselle.com\/ca\/wp-json\/wp\/v2\/pages\/5142\/revisions"}],"predecessor-version":[{"id":5157,"href":"https:\/\/vintagemademoiselle.com\/ca\/wp-json\/wp\/v2\/pages\/5142\/revisions\/5157"}],"wp:attachment":[{"href":"https:\/\/vintagemademoiselle.com\/ca\/wp-json\/wp\/v2\/media?parent=5142"}],"curies":[{"name":"wp","href":"https:\/\/api.w.org\/{rel}","templated":true}]}}